{"id":6,"date":"2019-10-23T17:51:33","date_gmt":"2019-10-23T15:51:33","guid":{"rendered":"http:\/\/glim.de\/?page_id=6"},"modified":"2025-01-20T16:13:42","modified_gmt":"2025-01-20T15:13:42","slug":"engpassanalyse","status":"publish","type":"page","link":"http:\/\/glim.de\/de_DE\/engpassanalyse\/","title":{"rendered":"Engpassanalyse"},"content":{"rendered":"\n<p>Die erfolgreichsten Unternehmen sind stets bestrebt sich selbst zu reflektieren und Ihre Kommunikation permanent auf dem Pr\u00fcfstand zu halten. Das Feedback aller Beteiligten ist hier ein wichtiges Signal. Oft stellt unsere Kunden im Laufe Ihrer eigenen Recherchen fest, dass es en Kommunikationsproblem geben muss. Jedoch findet man die Ursache selbst schwer. Es ist wie das abgegriffene aber dennoch sehr gute Beispiel mit den B\u00e4umen im Wald.<\/p>\n\n\n\n<p>An dieser Stelle kommen wir um gemeinsam zu analysieren, wo es eventuell einen Abbruch in der immer komplexer werdenden Kommunikationskette kommt. Wir belassen es dabei selten bei einer rein theoretischen Betrachtung, Mit ein wenig schauspielerischem Talent nehmen wir bei der genaueren Analyse auch mal unterschiedliche Rollen ein. Mal sind wir Kunden, mal potentielle Lieferanten mal der neue Assistent der Gesch\u00e4ftsf\u00fchrung.<\/p>\n\n\n\n<figure class=\"wp-block-image size-large\"><img loading=\"lazy\" decoding=\"async\" width=\"1014\" height=\"1024\" src=\"http:\/\/glim.de\/wp-content\/uploads\/2021\/04\/GLIM_Grafik_Pruefstationen-2021_2-1014x1024.jpg\" alt=\"\" class=\"wp-image-69\" srcset=\"http:\/\/glim.de\/wp-content\/uploads\/2021\/04\/GLIM_Grafik_Pruefstationen-2021_2-1014x1024.jpg 1014w, http:\/\/glim.de\/wp-content\/uploads\/2021\/04\/GLIM_Grafik_Pruefstationen-2021_2-297x300.jpg 297w, http:\/\/glim.de\/wp-content\/uploads\/2021\/04\/GLIM_Grafik_Pruefstationen-2021_2-150x150.jpg 150w, http:\/\/glim.de\/wp-content\/uploads\/2021\/04\/GLIM_Grafik_Pruefstationen-2021_2-768x775.jpg 768w, http:\/\/glim.de\/wp-content\/uploads\/2021\/04\/GLIM_Grafik_Pruefstationen-2021_2.jpg 1280w\" sizes=\"auto, (max-width: 1014px) 100vw, 1014px\" \/><\/figure>\n\n\n\n<p>Dieser \u00dcberblick \u00fcber unsere Pr\u00fcfstationen gew\u00e4hrt einen guten Einblick in unsere Vorgehensweise. Wir stellen immer wieder fest, dass nur wenige Ma0nahmen korrigiert werden m\u00fcssen um bestm\u00f6gliche Ergebnisse zu erlangen. Lassen Sie uns mal reden.<\/p>\n","protected":false},"excerpt":{"rendered":"<p><!-- wp:paragraph --><\/p>\n<p>Die erfolgreichsten Unternehmen sind stets bestrebt sich selbst zu reflektieren und Ihre Kommunikation permanent auf dem Pr\u00fcfstand zu halten. Das Feedback aller Beteiligten ist hier ein wichtiges Signal. Oft stellt unsere Kun&#8230;<\/p>\n","protected":false},"author":1,"featured_media":50,"parent":0,"menu_order":0,"comment_status":"closed","ping_status":"closed","template":"","meta":{"footnotes":""},"class_list":["post-6","page","type-page","status-publish","has-post-thumbnail","czr-hentry"],"_links":{"self":[{"href":"http:\/\/glim.de\/de_DE\/wp-json\/wp\/v2\/pages\/6","targetHints":{"allow":["GET"]}}],"collection":[{"href":"http:\/\/glim.de\/de_DE\/wp-json\/wp\/v2\/pages"}],"about":[{"href":"http:\/\/glim.de\/de_DE\/wp-json\/wp\/v2\/types\/page"}],"author":[{"embeddable":true,"href":"http:\/\/glim.de\/de_DE\/wp-json\/wp\/v2\/users\/1"}],"replies":[{"embeddable":true,"href":"http:\/\/glim.de\/de_DE\/wp-json\/wp\/v2\/comments?post=6"}],"version-history":[{"count":4,"href":"http:\/\/glim.de\/de_DE\/wp-json\/wp\/v2\/pages\/6\/revisions"}],"predecessor-version":[{"id":70,"href":"http:\/\/glim.de\/de_DE\/wp-json\/wp\/v2\/pages\/6\/revisions\/70"}],"wp:featuredmedia":[{"embeddable":true,"href":"http:\/\/glim.de\/de_DE\/wp-json\/wp\/v2\/media\/50"}],"wp:attachment":[{"href":"http:\/\/glim.de\/de_DE\/wp-json\/wp\/v2\/media?parent=6"}],"curies":[{"name":"wp","href":"https:\/\/api.w.org\/{rel}","templated":true}]}}